{"id":23,"date":"2019-01-18T15:38:01","date_gmt":"2019-01-18T15:38:01","guid":{"rendered":"https:\/\/wordpress.futurefab.ch\/?page_id=23"},"modified":"2020-08-06T08:05:19","modified_gmt":"2020-08-06T07:05:19","slug":"mesmerize","status":"publish","type":"page","link":"https:\/\/futurefab.ch\/","title":{"rendered":"Home"},"content":{"rendered":"<div  id=\"was-wir-machen\" style=\"background-color: rgb(245, 250, 253); background-image: none;\" data-label=\"Was wir machen\" data-id=\"content-7-mc\" data-export-id=\"content-7-mc\" data-category=\"content\" class=\"content-7-mc content-section content-section-spacing\" data-bullets-visibility=\"true\"><div  class=\"gridContainer\"> <div  class=\"row middle-sm\"><div  class=\"col-sm-6 space-bottom-xs\" data-type=\"column\"> <h3  class=\"\">Intelligente L\u00f6sungen f\u00fcr Immobilien<\/h3> <p  class=\"\">Jedes Konzept braucht die passende Technologie. Wir setzen Produkte von Tridium und iSMA\/GC5 ein und haben dadurch Zugriff auf ein grosses Portfolio und f\u00fcr nahezu jedes Konzept die optimale L\u00f6sung.\n<br ><br >Wir sind damit in der Lage Ihr Geb\u00e4ude optimal zu betreiben, wobei Sie bzw. das erarbeitete Konzept festlegen, wie die Faktoren Effizienz, Komfort, Wirtschaftlichkeit und Sicherheit ausbalanciert werden.<\/p> <\/div> <div  class=\"col-sm-6\" data-type=\"column\"> <img decoding=\"async\"  class=\"shadow-large\" src=\"https:\/\/futurefab.ch\/wp-content\/uploads\/2020\/03\/Logo.png\" alt=\"\" title=\"Logo\"><\/div> <\/div><\/div> <\/div><div  data-label=\"Kontakt\" data-id=\"features--1\" data-export-id=\"features-12\" data-category=\"features\" class=\"features-12 content-section content-section-spacing \" id=\"kontakt\" style=\"background-color: rgb(255, 255, 255);\" data-bullets-visibility=\"true\"><div  class=\"gridContainer\"> <div  class=\"row text-center\"><div  class=\"section-title-col\" data-type=\"column\">  <\/div> <\/div> <div  class=\"row spaced-cols content-left-sm center-sm\" data-type=\"row\"> <div  class=\"col-sm-6 col-md-6 \"> <div  class=\"row space-bottom\"> <div  class=\"col-sm-fit icon-column\"> <i  class=\"fa icon color2 fa-building bordered round\"><\/i> <\/div> <div  class=\"col-sm\" data-type=\"column\"> <h5  class=\"color2\">FutureFab GmbH\n<br >Kirchstrasse 5d<br >CH-8280 Kreuzlingen<\/h5> <\/div> <\/div><\/div><div  class=\"col-sm-6 col-md-6 \"> <div  class=\"row space-bottom\"> <div  class=\"col-sm-fit icon-column\"> <i  class=\"fa icon color2 fa-user bordered round\"><\/i> <\/div> <div  class=\"col-sm\" data-type=\"column\"> <h5  class=\"color2\">Ihr Ansprechpartner:<\/h5> <p  class=\"\">Christian Sch\u00f6rg<\/p><\/div> <\/div><\/div><div  class=\"col-sm-6 col-md-6 \"> <div  class=\"row space-bottom\"> <div  class=\"col-sm-fit icon-column\"> <i  class=\"fa icon color2 fa-at bordered round\"><\/i> <\/div> <div  class=\"col-sm\" data-type=\"column\"> <h5  class=\"color2\">info@futurefab.ch<\/h5> <p  class=\"\">Schreiben Sie uns!<\/p><\/div> <\/div><\/div>   <div  class=\"col-sm-6 col-md-6 \"><div  class=\"row space-bottom\"> <div  class=\"col-sm-fit icon-column\"><i  class=\"fa icon color2 fa-mobile-phone bordered round\"><\/i><\/div> <div  class=\"col-sm\" data-type=\"column\"><h5  class=\"color2\">+41 79 226 89 81<\/h5> <p  class=\"\">Rufen Sie uns an!<\/p><\/div> <\/div><\/div> <\/div><\/div> <\/div>","protected":false},"excerpt":{"rendered":"<p>Intelligente L\u00f6sungen f\u00fcr Immobilien Jedes Konzept braucht die passende Technologie. Wir setzen Produkte von Tridium und iSMA\/GC5 ein und haben dadurch Zugriff auf ein grosses Portfolio und f\u00fcr nahezu jedes Konzept die optimale L\u00f6sung. Wir sind damit in der Lage Ihr Geb\u00e4ude optimal zu betreiben, wobei Sie bzw. das erarbeitete Konzept festlegen, wie die Faktoren&hellip; <br \/> <a class=\"read-more\" href=\"https:\/\/futurefab.ch\/\">Weiterlesen<\/a><\/p>\n","protected":false},"author":1,"featured_media":0,"parent":0,"menu_order":0,"comment_status":"closed","ping_status":"closed","template":"page-templates\/homepage.php","meta":{"footnotes":""},"class_list":["post-23","page","type-page","status-publish","hentry"],"yoast_head":"<!-- This site is optimized with the Yoast SEO plugin v27.4 - https:\/\/yoast.com\/product\/yoast-seo-wordpress\/ -->\n<title>Home - FutureFab GmbH<\/title>\n<meta name=\"robots\" content=\"index, follow, max-snippet:-1, max-image-preview:large, max-video-preview:-1\" \/>\n<link rel=\"canonical\" href=\"https:\/\/futurefab.ch\/\" \/>\n<meta property=\"og:locale\" content=\"de_DE\" \/>\n<meta property=\"og:type\" content=\"article\" \/>\n<meta property=\"og:title\" content=\"Home - FutureFab GmbH\" \/>\n<meta property=\"og:description\" content=\"Intelligente L\u00f6sungen f\u00fcr Immobilien Jedes Konzept braucht die passende Technologie. Wir setzen Produkte von Tridium und iSMA\/GC5 ein und haben dadurch Zugriff auf ein grosses Portfolio und f\u00fcr nahezu jedes Konzept die optimale L\u00f6sung. Wir sind damit in der Lage Ihr Geb\u00e4ude optimal zu betreiben, wobei Sie bzw. das erarbeitete Konzept festlegen, wie die Faktoren&hellip; Weiterlesen\" \/>\n<meta property=\"og:url\" content=\"https:\/\/futurefab.ch\/\" \/>\n<meta property=\"og:site_name\" content=\"FutureFab GmbH\" \/>\n<meta property=\"article:modified_time\" content=\"2020-08-06T07:05:19+00:00\" \/>\n<meta property=\"og:image\" content=\"https:\/\/futurefab.ch\/wp-content\/uploads\/2020\/03\/Logo.png\" \/>\n<meta name=\"twitter:card\" content=\"summary_large_image\" \/>\n<script type=\"application\/ld+json\" class=\"yoast-schema-graph\">{\"@context\":\"https:\\\/\\\/schema.org\",\"@graph\":[{\"@type\":\"WebPage\",\"@id\":\"https:\\\/\\\/futurefab.ch\\\/\",\"url\":\"https:\\\/\\\/futurefab.ch\\\/\",\"name\":\"Home - FutureFab GmbH\",\"isPartOf\":{\"@id\":\"https:\\\/\\\/futurefab.ch\\\/#website\"},\"primaryImageOfPage\":{\"@id\":\"https:\\\/\\\/futurefab.ch\\\/#primaryimage\"},\"image\":{\"@id\":\"https:\\\/\\\/futurefab.ch\\\/#primaryimage\"},\"thumbnailUrl\":\"https:\\\/\\\/futurefab.ch\\\/wp-content\\\/uploads\\\/2020\\\/03\\\/Logo.png\",\"datePublished\":\"2019-01-18T15:38:01+00:00\",\"dateModified\":\"2020-08-06T07:05:19+00:00\",\"breadcrumb\":{\"@id\":\"https:\\\/\\\/futurefab.ch\\\/#breadcrumb\"},\"inLanguage\":\"de\",\"potentialAction\":[{\"@type\":\"ReadAction\",\"target\":[\"https:\\\/\\\/futurefab.ch\\\/\"]}]},{\"@type\":\"ImageObject\",\"inLanguage\":\"de\",\"@id\":\"https:\\\/\\\/futurefab.ch\\\/#primaryimage\",\"url\":\"https:\\\/\\\/futurefab.ch\\\/wp-content\\\/uploads\\\/2020\\\/03\\\/Logo.png\",\"contentUrl\":\"https:\\\/\\\/futurefab.ch\\\/wp-content\\\/uploads\\\/2020\\\/03\\\/Logo.png\",\"width\":631,\"height\":374},{\"@type\":\"BreadcrumbList\",\"@id\":\"https:\\\/\\\/futurefab.ch\\\/#breadcrumb\",\"itemListElement\":[{\"@type\":\"ListItem\",\"position\":1,\"name\":\"Home\",\"item\":\"https:\\\/\\\/futurefab.ch\\\/\"},{\"@type\":\"ListItem\",\"position\":2,\"name\":\"Home\"}]},{\"@type\":\"WebSite\",\"@id\":\"https:\\\/\\\/futurefab.ch\\\/#website\",\"url\":\"https:\\\/\\\/futurefab.ch\\\/\",\"name\":\"FutureFab GmbH\",\"description\":\"Weil heute morgen schon gestern ist\",\"publisher\":{\"@id\":\"https:\\\/\\\/futurefab.ch\\\/#organization\"},\"potentialAction\":[{\"@type\":\"SearchAction\",\"target\":{\"@type\":\"EntryPoint\",\"urlTemplate\":\"https:\\\/\\\/futurefab.ch\\\/?s={search_term_string}\"},\"query-input\":{\"@type\":\"PropertyValueSpecification\",\"valueRequired\":true,\"valueName\":\"search_term_string\"}}],\"inLanguage\":\"de\"},{\"@type\":\"Organization\",\"@id\":\"https:\\\/\\\/futurefab.ch\\\/#organization\",\"name\":\"FutureFab GmbH\",\"url\":\"https:\\\/\\\/futurefab.ch\\\/\",\"logo\":{\"@type\":\"ImageObject\",\"inLanguage\":\"de\",\"@id\":\"https:\\\/\\\/futurefab.ch\\\/#\\\/schema\\\/logo\\\/image\\\/\",\"url\":\"https:\\\/\\\/futurefab.ch\\\/wp-content\\\/uploads\\\/2020\\\/04\\\/Logo.png\",\"contentUrl\":\"https:\\\/\\\/futurefab.ch\\\/wp-content\\\/uploads\\\/2020\\\/04\\\/Logo.png\",\"width\":631,\"height\":374,\"caption\":\"FutureFab GmbH\"},\"image\":{\"@id\":\"https:\\\/\\\/futurefab.ch\\\/#\\\/schema\\\/logo\\\/image\\\/\"}}]}<\/script>\n<!-- \/ Yoast SEO plugin. -->","yoast_head_json":{"title":"Home - FutureFab GmbH","robots":{"index":"index","follow":"follow","max-snippet":"max-snippet:-1","max-image-preview":"max-image-preview:large","max-video-preview":"max-video-preview:-1"},"canonical":"https:\/\/futurefab.ch\/","og_locale":"de_DE","og_type":"article","og_title":"Home - FutureFab GmbH","og_description":"Intelligente L\u00f6sungen f\u00fcr Immobilien Jedes Konzept braucht die passende Technologie. Wir setzen Produkte von Tridium und iSMA\/GC5 ein und haben dadurch Zugriff auf ein grosses Portfolio und f\u00fcr nahezu jedes Konzept die optimale L\u00f6sung. Wir sind damit in der Lage Ihr Geb\u00e4ude optimal zu betreiben, wobei Sie bzw. das erarbeitete Konzept festlegen, wie die Faktoren&hellip; Weiterlesen","og_url":"https:\/\/futurefab.ch\/","og_site_name":"FutureFab GmbH","article_modified_time":"2020-08-06T07:05:19+00:00","og_image":[{"url":"https:\/\/futurefab.ch\/wp-content\/uploads\/2020\/03\/Logo.png","type":"","width":"","height":""}],"twitter_card":"summary_large_image","schema":{"@context":"https:\/\/schema.org","@graph":[{"@type":"WebPage","@id":"https:\/\/futurefab.ch\/","url":"https:\/\/futurefab.ch\/","name":"Home - FutureFab GmbH","isPartOf":{"@id":"https:\/\/futurefab.ch\/#website"},"primaryImageOfPage":{"@id":"https:\/\/futurefab.ch\/#primaryimage"},"image":{"@id":"https:\/\/futurefab.ch\/#primaryimage"},"thumbnailUrl":"https:\/\/futurefab.ch\/wp-content\/uploads\/2020\/03\/Logo.png","datePublished":"2019-01-18T15:38:01+00:00","dateModified":"2020-08-06T07:05:19+00:00","breadcrumb":{"@id":"https:\/\/futurefab.ch\/#breadcrumb"},"inLanguage":"de","potentialAction":[{"@type":"ReadAction","target":["https:\/\/futurefab.ch\/"]}]},{"@type":"ImageObject","inLanguage":"de","@id":"https:\/\/futurefab.ch\/#primaryimage","url":"https:\/\/futurefab.ch\/wp-content\/uploads\/2020\/03\/Logo.png","contentUrl":"https:\/\/futurefab.ch\/wp-content\/uploads\/2020\/03\/Logo.png","width":631,"height":374},{"@type":"BreadcrumbList","@id":"https:\/\/futurefab.ch\/#breadcrumb","itemListElement":[{"@type":"ListItem","position":1,"name":"Home","item":"https:\/\/futurefab.ch\/"},{"@type":"ListItem","position":2,"name":"Home"}]},{"@type":"WebSite","@id":"https:\/\/futurefab.ch\/#website","url":"https:\/\/futurefab.ch\/","name":"FutureFab GmbH","description":"Weil heute morgen schon gestern ist","publisher":{"@id":"https:\/\/futurefab.ch\/#organization"},"potentialAction":[{"@type":"SearchAction","target":{"@type":"EntryPoint","urlTemplate":"https:\/\/futurefab.ch\/?s={search_term_string}"},"query-input":{"@type":"PropertyValueSpecification","valueRequired":true,"valueName":"search_term_string"}}],"inLanguage":"de"},{"@type":"Organization","@id":"https:\/\/futurefab.ch\/#organization","name":"FutureFab GmbH","url":"https:\/\/futurefab.ch\/","logo":{"@type":"ImageObject","inLanguage":"de","@id":"https:\/\/futurefab.ch\/#\/schema\/logo\/image\/","url":"https:\/\/futurefab.ch\/wp-content\/uploads\/2020\/04\/Logo.png","contentUrl":"https:\/\/futurefab.ch\/wp-content\/uploads\/2020\/04\/Logo.png","width":631,"height":374,"caption":"FutureFab GmbH"},"image":{"@id":"https:\/\/futurefab.ch\/#\/schema\/logo\/image\/"}}]}},"_links":{"self":[{"href":"https:\/\/futurefab.ch\/index.php?rest_route=\/wp\/v2\/pages\/23","targetHints":{"allow":["GET"]}}],"collection":[{"href":"https:\/\/futurefab.ch\/index.php?rest_route=\/wp\/v2\/pages"}],"about":[{"href":"https:\/\/futurefab.ch\/index.php?rest_route=\/wp\/v2\/types\/page"}],"author":[{"embeddable":true,"href":"https:\/\/futurefab.ch\/index.php?rest_route=\/wp\/v2\/users\/1"}],"replies":[{"embeddable":true,"href":"https:\/\/futurefab.ch\/index.php?rest_route=%2Fwp%2Fv2%2Fcomments&post=23"}],"version-history":[{"count":30,"href":"https:\/\/futurefab.ch\/index.php?rest_route=\/wp\/v2\/pages\/23\/revisions"}],"predecessor-version":[{"id":144,"href":"https:\/\/futurefab.ch\/index.php?rest_route=\/wp\/v2\/pages\/23\/revisions\/144"}],"wp:attachment":[{"href":"https:\/\/futurefab.ch\/index.php?rest_route=%2Fwp%2Fv2%2Fmedia&parent=23"}],"curies":[{"name":"wp","href":"https:\/\/api.w.org\/{rel}","templated":true}]}}